{"id":5,"date":"2016-11-01T17:29:49","date_gmt":"2016-11-01T17:29:49","guid":{"rendered":"http:\/\/saengerbund-vereinsgemeinde-leimen.de\/wordpress\/?page_id=5"},"modified":"2025-12-25T16:18:39","modified_gmt":"2025-12-25T16:18:39","slug":"ueber-uns","status":"publish","type":"page","link":"https:\/\/saengerbund-vereinsgemeinde-leimen.de\/?page_id=5","title":{"rendered":"\u00dcber uns"},"content":{"rendered":"<p><a href=\"https:\/\/saengerbund-vereinsgemeinde-leimen.de\/wp-content\/uploads\/2025\/12\/M-VZL00041.jpg.jpg\"><img loading=\"lazy\" decoding=\"async\" class=\"alignnone size-medium wp-image-303\" src=\"https:\/\/saengerbund-vereinsgemeinde-leimen.de\/wp-content\/uploads\/2025\/12\/M-VZL00041.jpg-217x300.jpg\" alt=\"Urkunde vom Gesangswettstreit in Waldangeloch 1911.\" width=\"217\" height=\"300\" srcset=\"https:\/\/saengerbund-vereinsgemeinde-leimen.de\/wp-content\/uploads\/2025\/12\/M-VZL00041.jpg-217x300.jpg 217w, https:\/\/saengerbund-vereinsgemeinde-leimen.de\/wp-content\/uploads\/2025\/12\/M-VZL00041.jpg-742x1024.jpg 742w, https:\/\/saengerbund-vereinsgemeinde-leimen.de\/wp-content\/uploads\/2025\/12\/M-VZL00041.jpg-768x1060.jpg 768w, https:\/\/saengerbund-vereinsgemeinde-leimen.de\/wp-content\/uploads\/2025\/12\/M-VZL00041.jpg-1113x1536.jpg 1113w, https:\/\/saengerbund-vereinsgemeinde-leimen.de\/wp-content\/uploads\/2025\/12\/M-VZL00041.jpg-1484x2048.jpg 1484w, https:\/\/saengerbund-vereinsgemeinde-leimen.de\/wp-content\/uploads\/2025\/12\/M-VZL00041.jpg.jpg 1580w\" sizes=\"auto, (max-width: 217px) 100vw, 217px\" \/><\/a><\/p>\n<pre>Urkunde vom Gesangswettstreit in Waldangeloch 1911.<\/pre>\n<p>Unser Gesangsverein wurde 1903 als M\u00e4nnerwerkschor des Zementwerks Leimen gegr\u00fcndet. Seither hat sich der Verein st\u00e4ndig weiterentwickelt und neuen Gegebenheiten angepasst. Aufgrund der\u00a0\u00a0sinkenden Mitgliederzahlen wurde im Jahr 2001 ein gemischten Chor gebildet. Die Mitgliederzahl hat sich seither bei etwa 60 Sangesfreundinnen\u00a0und -freunden stabilisiert,\u00a0von denen\u00a0etwa die H\u00e4lfte aktiv sind.<\/p>\n<p><a href=\"https:\/\/saengerbund-vereinsgemeinde-leimen.de\/wp-content\/uploads\/2025\/12\/f0011423.jpg\"><img loading=\"lazy\" decoding=\"async\" class=\"alignnone size-medium wp-image-305\" src=\"https:\/\/saengerbund-vereinsgemeinde-leimen.de\/wp-content\/uploads\/2025\/12\/f0011423-190x300.jpg\" alt=\"\u201eS\u00e4ngerbund\u201c auf Besuch beim Schelklinger Liederkranz. Im Vordergrund\nGeorg Zizmann, 1951\" width=\"190\" height=\"300\" srcset=\"https:\/\/saengerbund-vereinsgemeinde-leimen.de\/wp-content\/uploads\/2025\/12\/f0011423-190x300.jpg 190w, https:\/\/saengerbund-vereinsgemeinde-leimen.de\/wp-content\/uploads\/2025\/12\/f0011423-648x1024.jpg 648w, https:\/\/saengerbund-vereinsgemeinde-leimen.de\/wp-content\/uploads\/2025\/12\/f0011423-768x1213.jpg 768w, https:\/\/saengerbund-vereinsgemeinde-leimen.de\/wp-content\/uploads\/2025\/12\/f0011423-972x1536.jpg 972w, https:\/\/saengerbund-vereinsgemeinde-leimen.de\/wp-content\/uploads\/2025\/12\/f0011423.jpg 1080w\" sizes=\"auto, (max-width: 190px) 100vw, 190px\" \/><\/a><\/p>\n<pre> \u201eS\u00e4ngerbund\u201c auf Besuch beim Schelklinger Liederkranz. Im Vordergrund\nGeorg Zizmann, 1951<\/pre>\n<p>W\u00e4hrend in fr\u00fcher\u00a0Zeit die Teilnahme an Wertungswettstreiten und eigenen Konzertreihen im Vordergrund stand, konzentrieren wir uns heute darauf , unser erreichtes Gesangsniveau zu erhalten. Dennoch versuchen wir immer in Zusammenarbeit mit anderen Vereinen, die Chorlandschaft insgesamt zu st\u00e4rken. Denn nur durch\u00a0das Zusammenwirken aller, kann der Chorgesang in unserer Gesellschaft auch weiterhin auf Akzeptanz sto\u00dfen. Daher\u00a0ging von uns im Jahr 2014 auch die Initiative f\u00fcr eine gemeinsames Herbstkonzert aller Leimener Gesangs- und Musikvereine aus, das inzwischen durch Mitwirkung vieler im Kulturverein Leimen zu einer Institution geworden ist.<\/p>\n<p>Nach jahrelangen Chorgemeinschaften mit dem Liederkranz Heidelberg und den S\u00e4ngern der B\u00e4ckerinnung Heidelberg, haben wir seit einem Jahr ein neues B\u00fcndnis mit dem Chor der AWO Leimen geschlossen. Unser harmonisches Zusammenwirken ist nicht zuletzt darauf zur\u00fcckzuf\u00fchren, dass wir aufkommende Differenzen sofort sachlich und direkt l\u00f6sen. Der daraus entstandene Teamgeist ist bei uns jederzeit sp\u00fcrbar.<\/p>\n<p><!--more--><\/p>\n<p>Es ist unserem Vorstand stets gelungen, passende Dirigentinen und Dirigenten zu finden, die einf\u00fchlsam den Chor als Ganzes voranbrachten ohne den Einzelnen aus dem Blick zu verlieren. Aber auch der Spa\u00df am gemeinschaftlichen Singen und das gesellige Beisammensein kommen nicht zu kurz. Zahlreiche \u00fcber das Jahr verteilte Feste und Zusammenk\u00fcnfte f\u00f6rdern das Miteinander und sind ein Erlebnis.<\/p>\n<p>Wenn Sie gerne singen und kontaktfreudig sind, freuen wir uns sehr auf Ihre Mitwirkung. Sie k\u00f6nnen auch gerne unverbindlich zu einer oder mehreren Probesingstunden kommen.<\/p>\n<p><span style=\"color: #000000;\">\u00a0<\/span><\/p>\n","protected":false},"excerpt":{"rendered":"<p>Urkunde vom Gesangswettstreit in Waldangeloch 1911. Unser Gesangsverein wurde 1903 als M\u00e4nnerwerkschor des Zementwerks Leimen gegr\u00fcndet. Seither hat sich der Verein st\u00e4ndig weiterentwickelt und neuen Gegebenheiten angepasst. Aufgrund der\u00a0\u00a0sinkenden Mitgliederzahlen wurde im Jahr 2001 ein gemischten Chor gebildet. Die Mitgliederzahl [&hellip;]<\/p>\n","protected":false},"author":1,"featured_media":0,"parent":0,"menu_order":0,"comment_status":"closed","ping_status":"closed","template":"","meta":{"footnotes":""},"class_list":["post-5","page","type-page","status-publish","hentry"],"_links":{"self":[{"href":"https:\/\/saengerbund-vereinsgemeinde-leimen.de\/index.php?rest_route=\/wp\/v2\/pages\/5","targetHints":{"allow":["GET"]}}],"collection":[{"href":"https:\/\/saengerbund-vereinsgemeinde-leimen.de\/index.php?rest_route=\/wp\/v2\/pages"}],"about":[{"href":"https:\/\/saengerbund-vereinsgemeinde-leimen.de\/index.php?rest_route=\/wp\/v2\/types\/page"}],"author":[{"embeddable":true,"href":"https:\/\/saengerbund-vereinsgemeinde-leimen.de\/index.php?rest_route=\/wp\/v2\/users\/1"}],"replies":[{"embeddable":true,"href":"https:\/\/saengerbund-vereinsgemeinde-leimen.de\/index.php?rest_route=%2Fwp%2Fv2%2Fcomments&post=5"}],"version-history":[{"count":5,"href":"https:\/\/saengerbund-vereinsgemeinde-leimen.de\/index.php?rest_route=\/wp\/v2\/pages\/5\/revisions"}],"predecessor-version":[{"id":306,"href":"https:\/\/saengerbund-vereinsgemeinde-leimen.de\/index.php?rest_route=\/wp\/v2\/pages\/5\/revisions\/306"}],"wp:attachment":[{"href":"https:\/\/saengerbund-vereinsgemeinde-leimen.de\/index.php?rest_route=%2Fwp%2Fv2%2Fmedia&parent=5"}],"curies":[{"name":"wp","href":"https:\/\/api.w.org\/{rel}","templated":true}]}}