{"id":37,"date":"2016-12-04T18:05:36","date_gmt":"2016-12-04T18:05:36","guid":{"rendered":"http:\/\/saengerbund-vereinsgemeinde-leimen.de\/wordpress\/?page_id=37"},"modified":"2025-12-25T16:20:30","modified_gmt":"2025-12-25T16:20:30","slug":"impressum","status":"publish","type":"page","link":"https:\/\/saengerbund-vereinsgemeinde-leimen.de\/?page_id=37","title":{"rendered":"Impressum"},"content":{"rendered":"<p>Inhaltlich Verantwortlicher:<\/p>\n<p><a href=\"https:\/\/saengerbund-vereinsgemeinde-leimen.de\/wp-content\/uploads\/2016\/12\/Impressum.jpg\"><img loading=\"lazy\" decoding=\"async\" class=\"alignnone size-medium wp-image-40\" src=\"https:\/\/saengerbund-vereinsgemeinde-leimen.de\/wp-content\/uploads\/2016\/12\/Impressum-300x162.jpg\" alt=\"\" width=\"300\" height=\"162\" srcset=\"https:\/\/saengerbund-vereinsgemeinde-leimen.de\/wp-content\/uploads\/2016\/12\/Impressum-300x162.jpg 300w, https:\/\/saengerbund-vereinsgemeinde-leimen.de\/wp-content\/uploads\/2016\/12\/Impressum.jpg 623w\" sizes=\"auto, (max-width: 300px) 100vw, 300px\" \/><\/a><\/p>\n<p>info(at)saengerbund-vereinsgemeinde-leimen.de<\/p>\n<h2><strong>Schutzrechtsverletzung<\/strong><\/h2>\n<p>Falls Sie vermuten, dass von dieser Website aus einer Ihrer Schutzrechte verletzt wird, bitten wir Sie dies umgehend per E-Mail mitzuteilen, damit entsprechend Abhilfe geschaffen werden kann.<\/p>\n<h2><strong>Vollst\u00e4ndigkeit und Richtigkeit<\/strong><\/h2>\n<p>Eine Gew\u00e4hr f\u00fcr die Vollst\u00e4ndigkeit und Richtigkeit aller Beitr\u00e4ge kann nicht \u00fcbernommen werden. Haftungsanspr\u00fcche gegen die Autoren, welche sich auf Sch\u00e4den materieller oder ideeller Art beziehen, die durch die Nutzung oder Nichtnutzung der dargebotenen Informationen bzw. durch die Nutzung unbeabsichtige fehlerhafter und unvollst\u00e4ndiger Informationen verursacht wurden, sind grunds\u00e4tzlich ausgeschlossen, sofern seitens der Autoren kein nachweislich vors\u00e4tzliches oder grob fahrl\u00e4ssiges Verschulden vorliegt.<\/p>\n<h2><strong>Kommentare<\/strong><\/h2>\n<p>Etwaige Kommentare dienen lediglich der inhaltlichen Diskussion. Die dort formulierten Meinungen geben ausschlie\u00dflich die Auffassung des jeweiligen Verfassers wieder. Wir behalten uns das Recht vor, einzelne Kommentare zu entfernen oder nicht zu ver\u00f6ffentlichen, wenn sie inhaltlich nichts mit dem vorgestellten Gegenstand zu tun haben sollte oder gegen geltendes Recht versto\u00dfen.<\/p>\n<h2><strong>Verweise und Links<\/strong><\/h2>\n<p>Trotz einer sorgf\u00e4ltigen inhaltlichen Kontrolle \u00fcbernehmen wir keine Haftung f\u00fcr die Inhalte direkter und indirketer Verweise auf fremde Webseiten. F\u00fcr den Inhalt der verlinkten Seiten sind ausschlie\u00dflich deren Betreiber verantwortlich. Bei Kenntnis von Rechtsverst\u00f6\u00dfen werden jedoch derartige externe Links unverz\u00fcglich von uns gel\u00f6scht.<\/p>\n<h2><strong>Urheber- und Leistungsschutzrechte<\/strong><\/h2>\n<p>Die auf dieser Website ver\u00f6ffentlichten Inhalte unterliegen dem deutschen Urheber- und Leistungsschutzrecht. Jede vom deutschen Urheber- und Leistungsschutzrecht nicht zugelassene Verwertung bedarf der vorherigen schriftlichen Zustimmung des Anbieters oder jeweiligen Rechteinhabers. Dies gilt insbesondere f\u00fcr Vervielf\u00e4ltigung, Bearbeitung, \u00dcbersetzung, Einspeicherung, Verarbeitung bzw. Wiedergabe von Inhalten in Datenbanken oder anderen elektronischen Medien und Systemen. Inhalte und Rechte Dritter sind dabei als solche gekennzeichnet. Die unerlaubte Vervielf\u00e4ltigung oder Weitergabe einzelner Inhalte oder kompletter Seiten ist nicht gestattet und strafbar. Lediglich die Herstellung von Kopien und Downloads f\u00fcr den pers\u00f6nlichen, privaten und nicht kommerziellen Gebrauch ist erlaubt.<\/p>\n","protected":false},"excerpt":{"rendered":"<p>Inhaltlich Verantwortlicher: info(at)saengerbund-vereinsgemeinde-leimen.de Schutzrechtsverletzung Falls Sie vermuten, dass von dieser Website aus einer Ihrer Schutzrechte verletzt wird, bitten wir Sie dies umgehend per E-Mail mitzuteilen, damit entsprechend Abhilfe geschaffen werden kann. Vollst\u00e4ndigkeit und Richtigkeit Eine Gew\u00e4hr f\u00fcr die Vollst\u00e4ndigkeit und [&hellip;]<\/p>\n","protected":false},"author":1,"featured_media":0,"parent":0,"menu_order":0,"comment_status":"closed","ping_status":"closed","template":"","meta":{"footnotes":""},"class_list":["post-37","page","type-page","status-publish","hentry"],"_links":{"self":[{"href":"https:\/\/saengerbund-vereinsgemeinde-leimen.de\/index.php?rest_route=\/wp\/v2\/pages\/37","targetHints":{"allow":["GET"]}}],"collection":[{"href":"https:\/\/saengerbund-vereinsgemeinde-leimen.de\/index.php?rest_route=\/wp\/v2\/pages"}],"about":[{"href":"https:\/\/saengerbund-vereinsgemeinde-leimen.de\/index.php?rest_route=\/wp\/v2\/types\/page"}],"author":[{"embeddable":true,"href":"https:\/\/saengerbund-vereinsgemeinde-leimen.de\/index.php?rest_route=\/wp\/v2\/users\/1"}],"replies":[{"embeddable":true,"href":"https:\/\/saengerbund-vereinsgemeinde-leimen.de\/index.php?rest_route=%2Fwp%2Fv2%2Fcomments&post=37"}],"version-history":[{"count":5,"href":"https:\/\/saengerbund-vereinsgemeinde-leimen.de\/index.php?rest_route=\/wp\/v2\/pages\/37\/revisions"}],"predecessor-version":[{"id":307,"href":"https:\/\/saengerbund-vereinsgemeinde-leimen.de\/index.php?rest_route=\/wp\/v2\/pages\/37\/revisions\/307"}],"wp:attachment":[{"href":"https:\/\/saengerbund-vereinsgemeinde-leimen.de\/index.php?rest_route=%2Fwp%2Fv2%2Fmedia&parent=37"}],"curies":[{"name":"wp","href":"https:\/\/api.w.org\/{rel}","templated":true}]}}