{"id":26,"date":"2016-12-04T16:41:45","date_gmt":"2016-12-04T16:41:45","guid":{"rendered":"http:\/\/saengerbund-vereinsgemeinde-leimen.de\/wordpress\/?page_id=26"},"modified":"2025-12-25T16:16:00","modified_gmt":"2025-12-25T16:16:00","slug":"geschichte","status":"publish","type":"page","link":"https:\/\/saengerbund-vereinsgemeinde-leimen.de\/?page_id=26","title":{"rendered":"Geschichte"},"content":{"rendered":"<h2><strong>Von der Gesangsabteilung des Verein Gemeinde Cementwerk Leimen <\/strong><\/h2>\n<p>Mit der Errichtung des Portland-Cement-Werks Heidelberg inmitten der Felder weitab des Leimener Stadtkerns entstanden ab 1896 zahlreiche Werkswohnungen. Mit der Zeit wuchs aus den Anwohnern des Zementwerks eine kleine \u201eGemeinde\u201c aus Arbeitern und Beamten, die durch ihre isolierte Lage vor der Stadt ihr Eigenleben f\u00fchrte.<\/p>\n<figure id=\"attachment_278\" aria-describedby=\"caption-attachment-278\" style=\"width: 209px\" class=\"wp-caption aligncenter\"><a href=\"https:\/\/saengerbund-vereinsgemeinde-leimen.de\/wp-content\/uploads\/2020\/09\/Gruendertafel-scaled.jpg\"><img loading=\"lazy\" decoding=\"async\" class=\"wp-image-278 \" src=\"https:\/\/saengerbund-vereinsgemeinde-leimen.de\/wp-content\/uploads\/2020\/09\/Gruendertafel-227x300.jpg\" alt=\"Gr\u00fcndertafel 1903\" width=\"209\" height=\"276\" srcset=\"https:\/\/saengerbund-vereinsgemeinde-leimen.de\/wp-content\/uploads\/2020\/09\/Gruendertafel-227x300.jpg 227w, https:\/\/saengerbund-vereinsgemeinde-leimen.de\/wp-content\/uploads\/2020\/09\/Gruendertafel-776x1024.jpg 776w, https:\/\/saengerbund-vereinsgemeinde-leimen.de\/wp-content\/uploads\/2020\/09\/Gruendertafel-768x1014.jpg 768w, https:\/\/saengerbund-vereinsgemeinde-leimen.de\/wp-content\/uploads\/2020\/09\/Gruendertafel-1163x1536.jpg 1163w, https:\/\/saengerbund-vereinsgemeinde-leimen.de\/wp-content\/uploads\/2020\/09\/Gruendertafel-1551x2048.jpg 1551w, https:\/\/saengerbund-vereinsgemeinde-leimen.de\/wp-content\/uploads\/2020\/09\/Gruendertafel-scaled.jpg 1939w\" sizes=\"auto, (max-width: 209px) 100vw, 209px\" \/><\/a><figcaption id=\"caption-attachment-278\" class=\"wp-caption-text\">Gr\u00fcndertafel 1903<\/figcaption><\/figure>\n<p>Am 22. M\u00e4rz 1903 trafen sich 20 Personen im Gasthaus \u201eZur J\u00e4gerlust\u201c, um einen Verein mit Namen \u201eVerein Gemeinde Cementwerk in Leimen\u201c zu gr\u00fcnden, mit dem Ziel, die politische Unabh\u00e4ngigkeit von Leimen zu erreichen.<\/p>\n<p>Nachdem dieser Versuch fehlgeschlagen war, suchte man nach anderen Bet\u00e4tigungsfeldern und gr\u00fcndete am 28. Juni 1903 eine Gesangsabteilung. In wenigen Monaten wuchs der Verein auf 150 Mitglieder an. Die Gesangsabteilung sollte die Feste durch ihren \u201eGesang verherrlichen und versch\u00f6nern, sowie den Humor<\/p>\n<p>in der Gemeinde hoch halten\u201c. Bald entwickelte sie sich jedoch zum eigentlichen Motor der Vereinsgemeinde. Auf zahlreichen Gesangswettbeweben errang sie ansehnliche\u00a0 Preise.<\/p>\n<p><a href=\"https:\/\/saengerbund-vereinsgemeinde-leimen.de\/wp-content\/uploads\/2025\/12\/M-ZWL02110.jpg\"><img loading=\"lazy\" decoding=\"async\" class=\"alignnone size-medium wp-image-298\" src=\"https:\/\/saengerbund-vereinsgemeinde-leimen.de\/wp-content\/uploads\/2025\/12\/M-ZWL02110-300x202.jpg\" alt=\"\" width=\"300\" height=\"202\" srcset=\"https:\/\/saengerbund-vereinsgemeinde-leimen.de\/wp-content\/uploads\/2025\/12\/M-ZWL02110-300x202.jpg 300w, https:\/\/saengerbund-vereinsgemeinde-leimen.de\/wp-content\/uploads\/2025\/12\/M-ZWL02110-1024x691.jpg 1024w, https:\/\/saengerbund-vereinsgemeinde-leimen.de\/wp-content\/uploads\/2025\/12\/M-ZWL02110-768x518.jpg 768w, https:\/\/saengerbund-vereinsgemeinde-leimen.de\/wp-content\/uploads\/2025\/12\/M-ZWL02110-1536x1036.jpg 1536w, https:\/\/saengerbund-vereinsgemeinde-leimen.de\/wp-content\/uploads\/2025\/12\/M-ZWL02110.jpg 1980w\" sizes=\"auto, (max-width: 300px) 100vw, 300px\" \/><\/a><\/p>\n<pre>Werksbeamte in der Gastst\u00e4tte Seeger, die meist auch Mitglied in der Vereinsgemeinde waren.<\/pre>\n<h2><strong>&#8230; zur N.S. Gemeinschaft \u201eKraft durch Freude\u201c Abteilung Gesang des Cementwerks Leimen <\/strong><\/h2>\n<p><!--more--><\/p>\n<p><!--more--><\/p>\n<p>Zum 25-j\u00e4hrigen Jubil\u00e4um pr\u00e4sentierte sich die Gesangsabteilung der Vereinsgemeinde in bester Verfassung. Ihr musikalisches Reportier umfasste neben Chorgesang auch Operetten- und Theaterauff\u00fchrungen.<\/p>\n<p><a href=\"https:\/\/saengerbund-vereinsgemeinde-leimen.de\/wp-content\/uploads\/2025\/12\/M-ZWL02205.jpg\"><img loading=\"lazy\" decoding=\"async\" class=\"alignnone size-medium wp-image-299\" src=\"https:\/\/saengerbund-vereinsgemeinde-leimen.de\/wp-content\/uploads\/2025\/12\/M-ZWL02205-300x204.jpg\" alt=\"\u201eS\u00e4ngerbund\u201c in der festlich geschm\u00fcckten Festhalle, 8. September 1928\" width=\"300\" height=\"204\" srcset=\"https:\/\/saengerbund-vereinsgemeinde-leimen.de\/wp-content\/uploads\/2025\/12\/M-ZWL02205-300x204.jpg 300w, https:\/\/saengerbund-vereinsgemeinde-leimen.de\/wp-content\/uploads\/2025\/12\/M-ZWL02205-1024x697.jpg 1024w, https:\/\/saengerbund-vereinsgemeinde-leimen.de\/wp-content\/uploads\/2025\/12\/M-ZWL02205-768x522.jpg 768w, https:\/\/saengerbund-vereinsgemeinde-leimen.de\/wp-content\/uploads\/2025\/12\/M-ZWL02205-1536x1045.jpg 1536w, https:\/\/saengerbund-vereinsgemeinde-leimen.de\/wp-content\/uploads\/2025\/12\/M-ZWL02205.jpg 1980w\" sizes=\"auto, (max-width: 300px) 100vw, 300px\" \/><\/a><\/p>\n<pre>\u201eS\u00e4ngerbund\u201c in der festlich geschm\u00fcckten Festhalle, 8. September 1928<\/pre>\n<p>Schon Anfang des Jahres 1934 wurde der S\u00e4ngerbund der Vereinsgemeinde Cementwerk Leimen in die N.S. Gemeinschaft \u201eKraft durch Freude\u201c integriert. Der langjahrige Vorsitzende und der Dirigent mussten auf politischen Druck hin weichen. Pflichtch\u00f6re aus dem nationalsozialistischen Liedgut mussten einge\u00fcbt werden. Alle Vereinsveranstaltungen mussten dem Kreis-Propaganda-Amt der NSDAP gemeldet und die Programme der Kreisleitung vorgelegt werden. Nicht gemeldete Veranstaltungen wurden verboten.<\/p>\n<p>Nachdem auch die fr\u00fcheren Preissingen verboten und durch sogenannte Wertungssingen ersetzt worden waren, war auch der kleinste Rest an Sportsgeist ausgel\u00f6scht worden. In der Folge kam die freie Vereinst\u00e4tigkeit praktisch v\u00f6llig zum Erliegen und manch einer der Mitglieder zog sich in die innere Emigration zur\u00fcck und blieb den Gesangsproben fern. Mit Kriegsbeginn entfielen die Gesangsproben immer h\u00e4ufiger, bis schlie\u00dflich der Verein ruhte.<\/p>\n<h2><strong>\u2026 zum S\u00e4ngerbund der Vereinsgemeinde Zementwerk Leimen e.V.<\/strong><\/h2>\n<p><!--more--><\/p>\n<p>Erst am 4. M\u00e4rz 1949 startete der amtierende Vorstand einen Aufruf zur Wiederbelebung des Vereins. \u201e30 S\u00e4nger haben sich sofort in den Dienst des deutschen Liedes gestellt\u201c, lautete der vielversprechende Neuanfang. Innerhalb kurzer Zeit fand der Verein wieder zu seiner alten St\u00e4rke. Aus der gro\u00dfen Zahl der passiven Mitglieder der Vereinsgemeinde gr\u00fcndete sich am 18. April 1951 ein Kegelclub.<\/p>\n<p><a href=\"https:\/\/saengerbund-vereinsgemeinde-leimen.de\/wp-content\/uploads\/2025\/12\/f0010646.jpg\"><img loading=\"lazy\" decoding=\"async\" class=\"alignnone size-medium wp-image-301\" src=\"https:\/\/saengerbund-vereinsgemeinde-leimen.de\/wp-content\/uploads\/2025\/12\/f0010646-211x300.jpg\" alt=\"Festumzug des S\u00e4ngerbundes der Vereinsgemeinde, 1953\" width=\"211\" height=\"300\" srcset=\"https:\/\/saengerbund-vereinsgemeinde-leimen.de\/wp-content\/uploads\/2025\/12\/f0010646-211x300.jpg 211w, https:\/\/saengerbund-vereinsgemeinde-leimen.de\/wp-content\/uploads\/2025\/12\/f0010646-719x1024.jpg 719w, https:\/\/saengerbund-vereinsgemeinde-leimen.de\/wp-content\/uploads\/2025\/12\/f0010646.jpg 758w\" sizes=\"auto, (max-width: 211px) 100vw, 211px\" \/><\/a><\/p>\n<pre>Festumzug des S\u00e4ngerbundes der Vereinsgemeinde, 1953<\/pre>\n<p>Zum 50-j\u00e4hrigen Jubil\u00e4um erhielt der Verein neuen Zulauf. Bis zum Jahr 1957 z\u00e4hlte er den H\u00f6chststand von 196 Mitgliedern, davon 63 S\u00e4nger. Mit dem Bau einer eigenen Kegelbahn und der Gr\u00fcndung einer Werkskapelle sowie eines Schachclubs erweiterte sich das T\u00e4tigkeitsfeld der Vereinsgemeinde erheblich.<\/p>\n<p>Der S\u00e4ngerbund erlebte in diesen Jahren seine Bl\u00fctezeit und eroberte zahlreiche Preise.\u00a0 Die 1960er und 1970er Jahre waren Jahre der Stagnation und Neuformierung. Bei sinkenden Mitglieder- und S\u00e4ngerzahlen gelang es dennoch, sehr anspruchsvolle Konzertabende in der Festhalle unter Beteiligung befreundeter Gesangsvereine und Orchester abzuhalten.<\/p>\n<p>Seit den 1980er Jahren traten dem Zeitgeschmack entsprechend zunehmend gesellige Veranstaltungen der leichten Mu\u00dfe in den Vordergrund. Zunehmend beteiligte sich der Verein an kulturellen Veranstaltungen in Leimen, ergriff aber auch teilweise selbst die Initiative in diesem Bereich.<\/p>\n<h2><strong>\u2026 zum gemischten Chor<\/strong><\/h2>\n<p><!--more--><\/p>\n<p><a href=\"https:\/\/saengerbund-vereinsgemeinde-leimen.de\/wp-content\/uploads\/2025\/12\/2003-scaled.jpg\"><img loading=\"lazy\" decoding=\"async\" class=\"alignnone size-medium wp-image-300\" src=\"https:\/\/saengerbund-vereinsgemeinde-leimen.de\/wp-content\/uploads\/2025\/12\/2003-300x200.jpg\" alt=\"Gemischter Chor zum 100-j\u00e4hrigen Jubil\u00e4um, 2003\" width=\"300\" height=\"200\" srcset=\"https:\/\/saengerbund-vereinsgemeinde-leimen.de\/wp-content\/uploads\/2025\/12\/2003-300x200.jpg 300w, https:\/\/saengerbund-vereinsgemeinde-leimen.de\/wp-content\/uploads\/2025\/12\/2003-1024x683.jpg 1024w, https:\/\/saengerbund-vereinsgemeinde-leimen.de\/wp-content\/uploads\/2025\/12\/2003-768x512.jpg 768w, https:\/\/saengerbund-vereinsgemeinde-leimen.de\/wp-content\/uploads\/2025\/12\/2003-1536x1024.jpg 1536w, https:\/\/saengerbund-vereinsgemeinde-leimen.de\/wp-content\/uploads\/2025\/12\/2003-2048x1365.jpg 2048w\" sizes=\"auto, (max-width: 300px) 100vw, 300px\" \/><\/a><\/p>\n<pre>Gemischter Chor zum 100-j\u00e4hrigen Jubil\u00e4um, 2003<\/pre>\n<p>Der anhaltende R\u00fcckgung der Besch\u00e4ftigten im Zementwerk auf unter 200 Mitarbeiter Ende der 1980er Jahre machte sich nun auch stark in einem R\u00fcckgang der aktiven S\u00e4nger bemerkbar. Der Vorstand entschied sich daher im Jahr 2001 zu einem Experiment, in dem er den M\u00e4nnerchor f\u00fcr Frauen \u00f6ffnete. Mit Erfolg konnte damit bis heute der Kreis der Aktiven konstant gehalten werden.<\/p>\n","protected":false},"excerpt":{"rendered":"<p>Von der Gesangsabteilung des Verein Gemeinde Cementwerk Leimen Mit der Errichtung des Portland-Cement-Werks Heidelberg inmitten der Felder weitab des Leimener Stadtkerns entstanden ab 1896 zahlreiche Werkswohnungen. Mit der Zeit wuchs aus den Anwohnern des Zementwerks eine kleine \u201eGemeinde\u201c aus Arbeitern [&hellip;]<\/p>\n","protected":false},"author":1,"featured_media":0,"parent":0,"menu_order":0,"comment_status":"closed","ping_status":"closed","template":"","meta":{"footnotes":""},"class_list":["post-26","page","type-page","status-publish","hentry"],"_links":{"self":[{"href":"https:\/\/saengerbund-vereinsgemeinde-leimen.de\/index.php?rest_route=\/wp\/v2\/pages\/26","targetHints":{"allow":["GET"]}}],"collection":[{"href":"https:\/\/saengerbund-vereinsgemeinde-leimen.de\/index.php?rest_route=\/wp\/v2\/pages"}],"about":[{"href":"https:\/\/saengerbund-vereinsgemeinde-leimen.de\/index.php?rest_route=\/wp\/v2\/types\/page"}],"author":[{"embeddable":true,"href":"https:\/\/saengerbund-vereinsgemeinde-leimen.de\/index.php?rest_route=\/wp\/v2\/users\/1"}],"replies":[{"embeddable":true,"href":"https:\/\/saengerbund-vereinsgemeinde-leimen.de\/index.php?rest_route=%2Fwp%2Fv2%2Fcomments&post=26"}],"version-history":[{"count":4,"href":"https:\/\/saengerbund-vereinsgemeinde-leimen.de\/index.php?rest_route=\/wp\/v2\/pages\/26\/revisions"}],"predecessor-version":[{"id":302,"href":"https:\/\/saengerbund-vereinsgemeinde-leimen.de\/index.php?rest_route=\/wp\/v2\/pages\/26\/revisions\/302"}],"wp:attachment":[{"href":"https:\/\/saengerbund-vereinsgemeinde-leimen.de\/index.php?rest_route=%2Fwp%2Fv2%2Fmedia&parent=26"}],"curies":[{"name":"wp","href":"https:\/\/api.w.org\/{rel}","templated":true}]}}